{"id":19516,"date":"2022-05-10T13:18:15","date_gmt":"2022-05-10T13:18:15","guid":{"rendered":"https:\/\/euroimmobiliaremalta.eu\/?page_id=19516"},"modified":"2022-06-01T12:29:54","modified_gmt":"2022-06-01T12:29:54","slug":"perche-investire-a-malta","status":"publish","type":"page","link":"https:\/\/euroimmobiliaremalta.eu\/index.php\/perche-investire-a-malta\/","title":{"rendered":"Perch\u00e9 investire a Malta"},"content":{"rendered":"\t\t<div data-elementor-type=\"wp-page\" data-elementor-id=\"19516\" class=\"elementor elementor-19516\">\n\t\t\t\t\t\t<section class=\"elementor-section elementor-top-section elementor-element elementor-element-91e4b6b elementor-section-boxed elementor-section-height-default elementor-section-height-default\" data-id=\"91e4b6b\" data-element_type=\"section\" data-e-type=\"section\">\n\t\t\t\t\t\t<div class=\"elementor-container elementor-column-gap-default\">\n\t\t\t\t\t<div class=\"elementor-column elementor-col-100 elementor-top-column elementor-element elementor-element-de5f3f2\" data-id=\"de5f3f2\" data-element_type=\"column\" data-e-type=\"column\">\n\t\t\t<div class=\"elementor-widget-wrap elementor-element-populated\">\n\t\t\t\t\t\t<div class=\"elementor-element elementor-element-bc59ba3 elementor-widget elementor-widget-spacer\" data-id=\"bc59ba3\" data-element_type=\"widget\" data-e-type=\"widget\" data-widget_type=\"spacer.default\">\n\t\t\t\t<div class=\"elementor-widget-container\">\n\t\t\t\t\t\t\t<div class=\"elementor-spacer\">\n\t\t\t<div class=\"elementor-spacer-inner\"><\/div>\n\t\t<\/div>\n\t\t\t\t\t\t<\/div>\n\t\t\t\t<\/div>\n\t\t\t\t\t<\/div>\n\t\t<\/div>\n\t\t\t\t\t<\/div>\n\t\t<\/section>\n\t\t\t\t<section class=\"elementor-section elementor-top-section elementor-element elementor-element-d679af6 elementor-section-boxed elementor-section-height-default elementor-section-height-default\" data-id=\"d679af6\" data-element_type=\"section\" data-e-type=\"section\">\n\t\t\t\t\t\t<div class=\"elementor-container elementor-column-gap-default\">\n\t\t\t\t\t<div class=\"elementor-column elementor-col-100 elementor-top-column elementor-element elementor-element-ca01be7\" data-id=\"ca01be7\" data-element_type=\"column\" data-e-type=\"column\">\n\t\t\t<div class=\"elementor-widget-wrap elementor-element-populated\">\n\t\t\t\t\t\t<div class=\"elementor-element elementor-element-98dfec1 elementor-widget elementor-widget-text-editor\" data-id=\"98dfec1\" data-element_type=\"widget\" data-e-type=\"widget\" data-widget_type=\"text-editor.default\">\n\t\t\t\t<div class=\"elementor-widget-container\">\n\t\t\t\t\t\t\t\t\t<p style=\"margin-bottom: 0px; font-stretch: normal; font-size: 17px; line-height: normal; font-family: Helvetica; color: #ec5c07;\"><b>PERCH\u00c9 INVESTIRE A MALTA?<\/b><\/p><p style=\"margin-bottom: 0px; font-stretch: normal; font-size: 17px; line-height: normal; font-family: Helvetica; color: #ec5c07;\"><b><br><\/b><\/p>\n<p style=\"margin-bottom: 0px; font-stretch: normal; font-size: 16px; line-height: normal; font-family: Helvetica; color: #373434;\">Malta \u00e8 uno dei paesi con le stime di crescita pi\u00f9 alte in Europa. L\u2019isola \u00e8 sicura, con un ottimo sistema sanitario e scolastico. Le tasse molto basse, soprattutto se rapportate a quelle italiane. Investire a Malta garantisce un rendimento stabile e sicuro.<\/p>\n<p style=\"margin-bottom: 0px; font-stretch: normal; font-size: 16px; line-height: normal; font-family: Helvetica; color: #373434; min-height: 19px;\">\n<\/p><p style=\"margin-bottom: 0px; font-stretch: normal; font-size: 17px; line-height: normal; font-family: Helvetica; color: #ec5c07;\"><b>QUANTO COSTA COMPRARE CASA A MALTA?<\/b><\/p><p style=\"margin-bottom: 0px; font-stretch: normal; font-size: 17px; line-height: normal; font-family: Helvetica; color: #ec5c07;\"><b><br><\/b><\/p>\n<p style=\"margin-bottom: 0px; font-stretch: normal; font-size: 16px; line-height: normal; font-family: Helvetica; color: #373434;\">La risposta pu\u00f2 essere una sola: dipende. Da cosa? Malta offre investimenti immobiliari di ogni tipo: dai bilocali alle ville. Il nostro team di esperti ti sapr\u00e0 seguire nel migliore dei modi nella scelta della tua casa da comprare a Malta.<\/p>\n<p style=\"margin-bottom: 0px; font-stretch: normal; font-size: 16px; line-height: normal; font-family: Helvetica; color: #373434; min-height: 19px;\">\n<\/p><p style=\"margin-bottom: 0px; font-stretch: normal; font-size: 17px; line-height: normal; font-family: Helvetica; color: #ec5c07;\"><b>QUANTE SONO LE SPESE PER IL NOTAIO?<\/b><\/p><p style=\"margin-bottom: 0px; font-stretch: normal; font-size: 17px; line-height: normal; font-family: Helvetica; color: #ec5c07;\"><b><br><\/b><\/p>\n<p style=\"margin-bottom: 0px; font-stretch: normal; font-size: 16px; line-height: normal; font-family: Helvetica; color: #373434;\">Le spese notarili a Malta vengono calcolate ad hoc, situazione per situazione e generalmente sono pi\u00f9 economiche di quelle italiane. Il team di <b>EUROIMMOBILIARE<\/b> sar\u00e0 al tuo fianco in tutte le fasi di compravendita per supportarti e consigliarti.<\/p>\n<p style=\"margin-bottom: 0px; font-stretch: normal; font-size: 16px; line-height: normal; font-family: Helvetica; color: #373434; min-height: 19px;\">\n<\/p><p style=\"margin-bottom: 0px; font-stretch: normal; font-size: 17px; line-height: normal; font-family: Helvetica; color: #ec5c07;\"><b>COME SI PAGANO LE TASSE A MALTA?<\/b><\/p><p style=\"margin-bottom: 0px; font-stretch: normal; font-size: 17px; line-height: normal; font-family: Helvetica; color: #ec5c07;\"><b><br><\/b><\/p>\n<p style=\"margin-bottom: 0px; font-stretch: normal; font-size: 16px; line-height: normal; font-family: Helvetica; color: #373434;\">Le tasse a Malta sono di due tipi: per le persone fisiche e per le persone giuridiche, le prime ne sono soggette solo se effettivamente residenti mentre le societ\u00e0 le diritto maltese, purch\u00e8 gli azionisti non siano residente, avranno un\u2019aliquota del 5% sull\u2019utile generato. Le tasse a Malta sono le migliori d\u2019Europa soprattutto per chi fa business. <a href=\"https:\/\/euroimmobiliaremalta.eu\/index.php\/contatti\/\"><span style=\"color: #ec5c07;\">Contattaci<\/span><\/a> per saperne di pi\u00f9.<\/p>\n<p style=\"margin-bottom: 0px; font-stretch: normal; font-size: 16px; line-height: normal; font-family: Helvetica; color: #373434; min-height: 19px;\">\n<\/p><p style=\"margin-bottom: 0px; font-stretch: normal; font-size: 17px; line-height: normal; font-family: Helvetica; color: #ec5c07;\"><b>CI SONO TASSE ANNUALI SUGLI IMMOBILI A MALTA?<\/b><\/p><p style=\"margin-bottom: 0px; font-stretch: normal; font-size: 17px; line-height: normal; font-family: Helvetica; color: #ec5c07;\"><b><br><\/b><\/p>\n<p style=\"margin-bottom: 0px; font-stretch: normal; font-size: 16px; line-height: normal; font-family: Helvetica; color: #373434;\">NO! Non esiste un sistema di tassazione fisso sulle unit\u00e0 immobiliari, n\u00e8 che se ne possegga una, n\u00e8 che se ne posseggano 100! Non esiste il concetto di tassa di propriet\u00e0 o tassa municipale o tassa per la gestione dei rifiuti.<\/p>\n<p style=\"margin-bottom: 0px; font-stretch: normal; font-size: 16px; line-height: normal; font-family: Helvetica; color: #373434; min-height: 19px;\">\n<\/p><p style=\"margin-bottom: 0px; font-stretch: normal; font-size: 17px; line-height: normal; font-family: Helvetica; color: #ec5c07;\"><b>DEVO FARE LA DICHIARAZIONE DEI REDDITI A MALTA?<\/b><\/p><p style=\"margin-bottom: 0px; font-stretch: normal; font-size: 17px; line-height: normal; font-family: Helvetica; color: #ec5c07;\"><b><br><\/b><\/p>\n<p style=\"margin-bottom: 0px; font-stretch: normal; font-size: 16px; line-height: normal; font-family: Helvetica; color: #373434;\">Certo. Per le societ\u00e0 \u00e8 d\u2019obbligo fare il bilancio annuale, il fiscalista referente del nostro gruppo imprenditoriale sapr\u00e0 seguirti nel migliore dei modi, da oltre 30 anni segue aziende maltesi ed europee, parla un italiano fluente e sar\u00e0 la tua spalla gestionale della tua azienda.<\/p>\n<p style=\"margin-bottom: 0px; font-stretch: normal; font-size: 16px; line-height: normal; font-family: Helvetica; color: #373434; min-height: 19px;\">\n<\/p><p style=\"margin-bottom: 0px; font-stretch: normal; font-size: 17px; line-height: normal; font-family: Helvetica; color: #ec5c07;\"><b>COME POSSO RICEVERE LA PENSIONE ITALIANA A MALTA?<\/b><\/p><p style=\"margin-bottom: 0px; font-stretch: normal; font-size: 17px; line-height: normal; font-family: Helvetica; color: #ec5c07;\"><b><br><\/b><\/p>\n<p style=\"margin-bottom: 0px; font-stretch: normal; font-size: 16px; line-height: normal; font-family: Helvetica; color: #373434;\">Malta offre condizioni molto proficue per i pensionati che vogliono trasferirsi a Malta. Presentata la dovuta documentazione, che ti aiuteremo a compilare, potrai ricevere mensilmente la tua pensione a Malta.<\/p>\n<p style=\"margin-bottom: 0px; font-stretch: normal; font-size: 16px; line-height: normal; font-family: Helvetica; color: #373434; min-height: 19px;\">\n<\/p><p style=\"margin-bottom: 0px; font-stretch: normal; font-size: 17px; line-height: normal; font-family: Helvetica; color: #ec5c07;\"><b>QUAL \u00c8 IL COSTO MEDIO DELLA VITA A MALTA?<\/b><\/p><p style=\"margin-bottom: 0px; font-stretch: normal; font-size: 17px; line-height: normal; font-family: Helvetica; color: #ec5c07;\"><b><br><\/b><\/p>\n<p style=\"margin-bottom: 0px; font-stretch: normal; font-size: 16px; line-height: normal; font-family: Helvetica; color: #373434;\">Il costo della vita a Malta \u00e8 simile a quello in Italia.<\/p><p style=\"margin-bottom: 0px; font-stretch: normal; font-size: 16px; line-height: normal; font-family: Helvetica; color: #373434;\"><br><\/p>\n<p style=\"margin-bottom: 0px; font-stretch: normal; font-size: 16px; line-height: normal; font-family: Helvetica; color: #373434;\">\n<\/p><p style=\"margin-bottom: 0px; font-stretch: normal; font-size: 16px; line-height: normal; font-family: Helvetica; color: #ec5c07; min-height: 19px;\"><b style=\"font-size: 17px;\">COME TROVARE LAVORO A MALTA?<\/b><\/p><p style=\"margin-bottom: 0px; font-stretch: normal; font-size: 16px; line-height: normal; font-family: Helvetica; color: #ec5c07; min-height: 19px;\"><b style=\"font-size: 17px;\"><br><\/b><\/p>\n<p style=\"margin-bottom: 0px; font-stretch: normal; font-size: 16px; line-height: normal; font-family: Helvetica; color: #373434;\">Malta \u00e8 un paese attraente per via del numero crescente di aziende che stanno aprendo uffici sull\u2019isola o trasferendo l\u00ec il quartier generale. L\u2019economia \u00e8 in piena espansione ed anche il Governo stesso sta intensificando i lavori per la realizzazione delle infrastrutture creando cosi&nbsp;<\/p>\n<p style=\"margin-bottom: 0px; font-stretch: normal; font-size: 16px; line-height: normal; font-family: Helvetica; color: #373434;\">spazi d\u2019inserimento. Sapremo consigliarti anche sulla ricerca del lavoro.<\/p>\n<p style=\"margin-bottom: 0px; font-stretch: normal; font-size: 16px; line-height: normal; font-family: Helvetica; color: #373434; min-height: 19px;\">\n<\/p><p style=\"margin-bottom: 0px; font-stretch: normal; font-size: 17px; line-height: normal; font-family: Helvetica; color: #ec5c07;\"><b>SERVONO DEI DOCUMENTI SPECIALI PER VIAGGIARE E TRASFERSI A MALTA?<\/b><\/p><p style=\"margin-bottom: 0px; font-stretch: normal; font-size: 17px; line-height: normal; font-family: Helvetica; color: #ec5c07;\"><b><br><\/b><\/p>\n<p style=\"margin-bottom: 0px; font-stretch: normal; font-size: 16px; line-height: normal; font-family: Helvetica; color: #373434;\">Nessun documento speciale, tranne quelli di identit\u00e0 che tutti conosciamo. Passaporto o Carta d\u2019Identit\u00e0 sono normalmente riconosciuti a Malta, dato che l\u2019isola fa parte dei territori Schengen.<\/p>\n<p style=\"margin-bottom: 0px; font-stretch: normal; font-size: 16px; line-height: normal; font-family: Helvetica; color: #373434; min-height: 19px;\">\n<\/p><p style=\"margin-bottom: 0px; font-stretch: normal; font-size: 17px; line-height: normal; font-family: Helvetica; color: #ec5c07;\"><b>COME POSSO AVVIARE UN\u2019ATTIVIT\u00c0 A MALTA?<\/b><\/p><p style=\"margin-bottom: 0px; font-stretch: normal; font-size: 17px; line-height: normal; font-family: Helvetica; color: #ec5c07;\"><b><br><\/b><\/p>\n<p style=\"margin-bottom: 0px; font-stretch: normal; font-size: 16px; line-height: normal; font-family: Helvetica; color: #373434;\">L\u2019isola, in piena espansione economica, offre grandi possibilit\u00e0 di avviamento d\u2019impresa in vari settori, agevolando l\u2019apertura di aziende da parte di Europei non residenti cosi da avere un\u2019aliquota tasse FLAT TAX al 5%. <a href=\"https:\/\/euroimmobiliaremalta.eu\/index.php\/contatti\/\"><span style=\"color: #ec5c07;\">Chiamaci e parlane con noi<\/span>.<\/a><\/p>\n<p style=\"margin-bottom: 0px; font-stretch: normal; font-size: 16px; line-height: normal; font-family: Helvetica; color: #ec5c07; min-height: 19px;\">\n<\/p><p style=\"margin-bottom: 0px; font-stretch: normal; font-size: 17px; line-height: normal; font-family: Helvetica; color: #ec5c07;\"><b>QUALI SONO I COLLEGAMENTI PER MALTA?<\/b><\/p><p style=\"margin-bottom: 0px; font-stretch: normal; font-size: 17px; line-height: normal; font-family: Helvetica; color: #ec5c07;\"><b><br><\/b><\/p>\n<p style=\"margin-bottom: 0px; font-stretch: normal; font-size: 16px; line-height: normal; font-family: Helvetica; color: #373434;\">Collegamenti aerei da tutta Italia, per molti aeroporti anche giornalieri, gli scali maggiormente connessi sono: Torino (1.50h), Milano Malpensa (1.45h), Milano Linate (1.45h), Bergamo Orio al serio (1.45h), Venezia-Treviso (1.45h), Bologna (1.30h), Pisa (1.30h), Roma (1h), Bari (50min), Lamezia Terme (35min), Catania (25min), Palermo (35min), Cagliari (1h).<\/p>\n<p style=\"margin-bottom: 0px; font-stretch: normal; font-size: 16px; line-height: normal; font-family: Helvetica; color: #373434;\">Dalla Sicilia \u00e8 anche possibile raggiungere Malta con sole 2 ore di catamarano partendo da Pozzallo.<\/p>\n<p style=\"margin-bottom: 0px; font-stretch: normal; font-size: 16px; line-height: normal; font-family: Helvetica; color: #373434; min-height: 19px;\">\n<\/p><p style=\"margin-bottom: 0px; font-stretch: normal; font-size: 17px; line-height: normal; font-family: Helvetica; color: #ec5c07;\"><b>COME FUNZIONA LA SANIT\u00c0 A MALTA?<\/b><\/p><p style=\"margin-bottom: 0px; font-stretch: normal; font-size: 17px; line-height: normal; font-family: Helvetica; color: #ec5c07;\"><b><br><\/b><\/p>\n<p style=\"margin-bottom: 0px; font-stretch: normal; font-size: 16px; line-height: normal; font-family: Helvetica; color: #373434;\">Malta possiede un sistema sanitario all\u2019avanguardia, uno dei migliori d\u2019Europa. Chi \u00e8 cittadino europeo avr\u00e0 diritto alle stesse prestazioni garantite in Italia.<\/p>\n<p style=\"margin-bottom: 0px; font-stretch: normal; font-size: 16px; line-height: normal; font-family: Helvetica; color: #ec5c07; min-height: 19px;\">\n<\/p><p style=\"margin-bottom: 0px; font-stretch: normal; font-size: 17px; line-height: normal; font-family: Helvetica; color: #ec5c07;\"><b>LE PRESTAZIONI MEDICHE SONO GRATUITE?<\/b><\/p><p style=\"margin-bottom: 0px; font-stretch: normal; font-size: 17px; line-height: normal; font-family: Helvetica; color: #ec5c07;\"><b><br><\/b><\/p>\n<p style=\"margin-bottom: 0px; font-stretch: normal; font-size: 16px; line-height: normal; font-family: Helvetica; color: #373434;\">Le prestazioni gratuite sono garantite nella stessa misura in cui lo sono in Italia.<\/p>\n<p style=\"margin-bottom: 0px; font-stretch: normal; font-size: 16px; line-height: normal; font-family: Helvetica; color: #373434; min-height: 19px;\">\n<\/p><p style=\"margin-bottom: 0px; font-stretch: normal; font-size: 17px; line-height: normal; font-family: Helvetica; color: #ec5c07;\"><b>CI SONO DEI PRODOTTI CHE NON POSSONO ESSERE IMPORTATI A MALTA?<\/b><\/p><p style=\"margin-bottom: 0px; font-stretch: normal; font-size: 17px; line-height: normal; font-family: Helvetica; color: #ec5c07;\"><b><br><\/b><\/p>\n<p style=\"margin-bottom: 0px; font-stretch: normal; font-size: 16px; line-height: normal; font-family: Helvetica; color: #373434;\">Malta \u00e8 parte dei paesi Schengen e quindi la libera circolazione delle merci \u00e8 garantita. Ci sono per\u00f2 delle limitazioni doganali.<\/p>\n<p style=\"margin-bottom: 0px; font-stretch: normal; font-size: 16px; line-height: normal; font-family: Helvetica; color: #373434; min-height: 19px;\">\n<\/p><p style=\"margin-bottom: 0px; font-stretch: normal; font-size: 17px; line-height: normal; font-family: Helvetica; color: #ec5c07;\"><b>ESISTONO SCUOLE ITALIANE A MALTA?<\/b><\/p><p style=\"margin-bottom: 0px; font-stretch: normal; font-size: 17px; line-height: normal; font-family: Helvetica; color: #ec5c07;\"><b><br><\/b><\/p>\n<p style=\"margin-bottom: 0px; font-stretch: normal; font-size: 16px; line-height: normal; font-family: Helvetica; color: #373434;\">Attualmente non ci sono scuole italiane a Malta. Le scuole maltesi seguono il sistema scolastico britannico . Ci sono sia scuole pubbliche che private.<\/p>\n<p style=\"margin-bottom: 0px; font-stretch: normal; font-size: 16px; line-height: normal; font-family: Helvetica; color: #373434; min-height: 19px;\">\n<\/p><p style=\"margin-bottom: 0px; font-stretch: normal; font-size: 17px; line-height: normal; font-family: Helvetica; color: #ec5c07;\"><b>CHE MONETA SI USA A MALTA?<\/b><\/p><p style=\"margin-bottom: 0px; font-stretch: normal; font-size: 17px; line-height: normal; font-family: Helvetica; color: #ec5c07;\"><b><br><\/b><\/p>\n<p style=\"margin-bottom: 0px; font-stretch: normal; font-size: 16px; line-height: normal; font-family: Helvetica; color: #373434;\">Dal 2008 a Malta si utilizza l\u2019euro.<\/p>\n<p style=\"margin-bottom: 0px; font-stretch: normal; font-size: 16px; line-height: normal; font-family: Helvetica; color: #373434; min-height: 19px;\">\n<\/p><p style=\"margin-bottom: 0px; font-stretch: normal; font-size: 17px; line-height: normal; font-family: Helvetica; color: #ec5c07;\"><b>CHE LINGUA SI PARLA A MALTA?<\/b><\/p><p style=\"margin-bottom: 0px; font-stretch: normal; font-size: 17px; line-height: normal; font-family: Helvetica; color: #ec5c07;\"><b><br><\/b><\/p>\n<p style=\"margin-bottom: 0px; font-stretch: normal; font-size: 16px; line-height: normal; font-family: Helvetica; color: #373434;\">A Malta si parla l\u2019inglese, il maltese e anche l\u2019Italiano. Sull\u2019isola viene, per esempio, pubblicato un giornale in lingua italiana. Tutto il nostro team parla italiano in maniera fluente cosi come tutti i professionisti che fanno capo al nostro gruppo. Abbiamo realizzato questa grande struttura per far sentire a proprio agio tutti coloro che non hanno dimestichezza con la lingua italiana.<\/p>\t\t\t\t\t\t\t\t<\/div>\n\t\t\t\t<\/div>\n\t\t\t\t<div class=\"elementor-element elementor-element-88b536d elementor-widget elementor-widget-spacer\" data-id=\"88b536d\" data-element_type=\"widget\" data-e-type=\"widget\" data-widget_type=\"spacer.default\">\n\t\t\t\t<div class=\"elementor-widget-container\">\n\t\t\t\t\t\t\t<div class=\"elementor-spacer\">\n\t\t\t<div class=\"elementor-spacer-inner\"><\/div>\n\t\t<\/div>\n\t\t\t\t\t\t<\/div>\n\t\t\t\t<\/div>\n\t\t\t\t\t<\/div>\n\t\t<\/div>\n\t\t\t\t\t<\/div>\n\t\t<\/section>\n\t\t\t\t<\/div>\n\t\t","protected":false},"excerpt":{"rendered":"<p>PERCH\u00c9 INVESTIRE A MALTA? Malta \u00e8 uno dei paesi con le stime di crescita pi\u00f9 alte in Europa. L\u2019isola \u00e8 sicura, con un ottimo sistema sanitario e scolastico. Le tasse molto basse, soprattutto se rapportate a quelle italiane. Investire a Malta garantisce un rendimento stabile e sicuro. QUANTO COSTA COMPRARE CASA A MALTA? La risposta pu\u00f2 essere una sola: dipende. Da cosa? Malta offre &#8230;<\/p>\n","protected":false},"author":1,"featured_media":0,"parent":0,"menu_order":0,"comment_status":"closed","ping_status":"closed","template":"","meta":{"footnotes":""},"class_list":["post-19516","page","type-page","status-publish","hentry"],"aioseo_notices":[],"_links":{"self":[{"href":"https:\/\/euroimmobiliaremalta.eu\/index.php\/wp-json\/wp\/v2\/pages\/19516","targetHints":{"allow":["GET"]}}],"collection":[{"href":"https:\/\/euroimmobiliaremalta.eu\/index.php\/wp-json\/wp\/v2\/pages"}],"about":[{"href":"https:\/\/euroimmobiliaremalta.eu\/index.php\/wp-json\/wp\/v2\/types\/page"}],"author":[{"embeddable":true,"href":"https:\/\/euroimmobiliaremalta.eu\/index.php\/wp-json\/wp\/v2\/users\/1"}],"replies":[{"embeddable":true,"href":"https:\/\/euroimmobiliaremalta.eu\/index.php\/wp-json\/wp\/v2\/comments?post=19516"}],"version-history":[{"count":13,"href":"https:\/\/euroimmobiliaremalta.eu\/index.php\/wp-json\/wp\/v2\/pages\/19516\/revisions"}],"predecessor-version":[{"id":19984,"href":"https:\/\/euroimmobiliaremalta.eu\/index.php\/wp-json\/wp\/v2\/pages\/19516\/revisions\/19984"}],"wp:attachment":[{"href":"https:\/\/euroimmobiliaremalta.eu\/index.php\/wp-json\/wp\/v2\/media?parent=19516"}],"curies":[{"name":"wp","href":"https:\/\/api.w.org\/{rel}","templated":true}]}}